{"id":317,"date":"2022-02-08T08:11:01","date_gmt":"2022-02-08T11:11:01","guid":{"rendered":"https:\/\/ppcm.com.br\/?page_id=317"},"modified":"2022-02-08T08:48:18","modified_gmt":"2022-02-08T11:48:18","slug":"zero-carbono","status":"publish","type":"page","link":"https:\/\/ppcm.com.br\/index.php\/zero-carbono\/","title":{"rendered":"Zero Carbono"},"content":{"rendered":"<p>[et_pb_section fb_built=&#8221;1&#8243; fullwidth=&#8221;on&#8221; _builder_version=&#8221;4.14.0&#8243; _module_preset=&#8221;default&#8221; global_colors_info=&#8221;{}&#8221;][et_pb_fullwidth_code _builder_version=&#8221;4.14.0&#8243; _module_preset=&#8221;default&#8221; global_colors_info=&#8221;{}&#8221;]\n\t\t\t<!-- START Carbono Zero REVOLUTION SLIDER 6.7.15 --><p class=\"rs-p-wp-fix\"><\/p>\n\t\t\t<rs-module-wrap id=\"rev_slider_9_1_wrapper\" data-source=\"gallery\" style=\"visibility:hidden;background:transparent;padding:0;margin:0px auto;margin-top:0;margin-bottom:0;\">\n\t\t\t\t<rs-module id=\"rev_slider_9_1\" style=\"\" data-version=\"6.7.15\">\n\t\t\t\t\t<rs-slides style=\"overflow: hidden; position: absolute;\">\n\t\t\t\t\t\t<rs-slide style=\"position: absolute;\" data-key=\"rs-9\" data-title=\"Slide\" data-anim=\"adpr:false;\" data-in=\"o:0;\" data-out=\"a:false;\">\n\t\t\t\t\t\t\t<img decoding=\"async\" src=\"\/\/ppcm.com.br\/wp-content\/plugins\/revslider\/sr6\/assets\/assets\/dummy.png\" alt=\"\" title=\"couple-on-bicycles-stop-motion-742PEPV_9.jpeg\" width=\"1920\" height=\"1080\" class=\"rev-slidebg tp-rs-img rs-lazyload\" data-lazyload=\"\/\/ppcm.com.br\/wp-content\/uploads\/revslider\/video-media\/couple-on-bicycles-stop-motion-742PEPV_9.jpeg\" data-no-retina>\n\t\t\t\t\t\t\t<rs-bgvideo \n\t\t\t\t\t\t\t\tdata-video=\"w:100%;h:100%;nse:false;l:true;ptimer:false;vfc:true;\"\n\t\t\t\t\t\t\t\tdata-mp4=\"\/\/ppcm.com.br\/wp-content\/uploads\/2022\/02\/couple-on-bicycles-stop-motion-742PEPV.mp4\"\n\t\t\t\t\t\t\t><\/rs-bgvideo>\n<!---->\t\t\t\t\t<\/rs-slide>\n\t\t\t\t\t<\/rs-slides>\n\t\t\t\t<\/rs-module>\n\t\t\t\t<script>\n\t\t\t\t\tsetREVStartSize({c: 'rev_slider_9_1',rl:[1240,1024,778,480],el:[830],gw:[1920],gh:[830],type:'standard',justify:'',layout:'fullwidth',mh:\"0\"});if (window.RS_MODULES!==undefined && window.RS_MODULES.modules!==undefined && window.RS_MODULES.modules[\"revslider91\"]!==undefined) {window.RS_MODULES.modules[\"revslider91\"].once = false;window.revapi9 = undefined;if (window.RS_MODULES.checkMinimal!==undefined) window.RS_MODULES.checkMinimal()}\n\t\t\t\t<\/script>\n\t\t\t<\/rs-module-wrap>\n\t\t\t<!-- END REVOLUTION SLIDER -->\n[\/et_pb_fullwidth_code][\/et_pb_section][et_pb_section fb_built=&#8221;1&#8243; theme_builder_area=&#8221;post_content&#8221; _builder_version=&#8221;4.14.0&#8243; _module_preset=&#8221;default&#8221; background_color=&#8221;#00001c&#8221; hover_enabled=&#8221;0&#8243; sticky_enabled=&#8221;0&#8243;][et_pb_row _builder_version=&#8221;4.14.0&#8243; _module_preset=&#8221;default&#8221; column_structure=&#8221;1_2,1_2&#8243; theme_builder_area=&#8221;post_content&#8221;][et_pb_column _builder_version=&#8221;4.14.0&#8243; _module_preset=&#8221;default&#8221; type=&#8221;1_2&#8243; theme_builder_area=&#8221;post_content&#8221;][et_pb_text _builder_version=&#8221;4.14.0&#8243; _module_preset=&#8221;default&#8221; theme_builder_area=&#8221;post_content&#8221; text_text_color=&#8221;#FFFFFF&#8221; text_font_size=&#8221;16px&#8221; hover_enabled=&#8221;0&#8243; sticky_enabled=&#8221;0&#8243; custom_margin=&#8221;||55px|||&#8221;]<\/p>\n<p>Zero de carbono refere-se a zero as emiss\u00f5es de di\u00f3xido de carbono. \u00c9 um termo cient\u00edfico e uma realidade cient\u00edfica para a mitiga\u00e7\u00e3o das mudan\u00e7as clim\u00e1ticas.<\/p>\n<p>\u00c9 imposs\u00edvel para n\u00f3s, com nosso conhecimento atual, para parar todas as emiss\u00f5es de CO2 provenientes das atividades humanas.<\/p>\n<p>Por exemplo n\u00e3o temos nenhuma maneira no momento de parar todas as emiss\u00f5es de CO2 provenientes da agricultura.<\/p>\n<p>N\u00f3s podemos fazer grandes redu\u00e7\u00f5es nas emiss\u00f5es de carbono agr\u00edcolas, porque a agricultura de hoje \u00e9 t\u00e3o intensiva em carbono e emiss\u00e3o de carbono.<\/p>\n<p>A pesquisa mostra que os m\u00e9todos da agricultura biol\u00f3gica s\u00e3o os melhores para o balan\u00e7o de carbono.<\/p>\n<p>[\/et_pb_text][et_pb_video src=&#8221;https:\/\/ppcm.com.br\/wp-content\/uploads\/2022\/02\/Video-pagina-carbono.mp4.mp4&#8243; _builder_version=&#8221;4.14.0&#8243; _module_preset=&#8221;default&#8221; theme_builder_area=&#8221;post_content&#8221; title_text=&#8221;Video pagina carbono&#8221; hover_enabled=&#8221;0&#8243; sticky_enabled=&#8221;0&#8243;][\/et_pb_video][et_pb_text _builder_version=&#8221;4.14.0&#8243; _module_preset=&#8221;default&#8221; theme_builder_area=&#8221;post_content&#8221; text_text_color=&#8221;#FFFFFF&#8221; text_font_size=&#8221;16px&#8221; hover_enabled=&#8221;0&#8243; sticky_enabled=&#8221;0&#8243; custom_margin=&#8221;55px|||||&#8221;]<\/p>\n<p>Para alcan\u00e7ar carbono Zero real no sentido cient\u00edfico, os cientistas dizem que devemos desenvolver a capacidade de emiss\u00f5es \u201cde carbono negativo\u201d, ou seja, temos que extrair algumas CO2 diretamente do ar e fix\u00e1-lo.<\/p>\n<p>Agora estamos pensando em deix\u00e1-lo tarde demais. As melhores propostas s\u00e3o para Zero virtual, 20150 e para Zero real ap\u00f3s o fim deste s\u00e9culo. O efeito l\u00edquido de carbono Zero virtual e um pouco de carbono \u00e9 carbono Zero negativo verdadeiro.<\/p>\n<p>A verdade que queremos fazer o melhor pelo nosso planeta, e temos que come\u00e7ar em nossa pr\u00f3pria casa, no meio em que vivemos. Quando falamos de Zero, queremos proteger a terra de tudo que pudermos fazer para n\u00e3o a ferirmos com tanto lixo, o consumo impensado de produtos, de embalagens e movimentos de nossos corpos com deslocamento por meio de transportes poluidores, que podem ser contidos ou reduzidos, se pensarmos que temos que deixar uma vida tamb\u00e9m de qualidade para as outras gera\u00e7\u00f5es.<\/p>\n<p>[\/et_pb_text][\/et_pb_column][et_pb_column _builder_version=&#8221;4.14.0&#8243; _module_preset=&#8221;default&#8221; type=&#8221;1_2&#8243; theme_builder_area=&#8221;post_content&#8221;][et_pb_image src=&#8221;https:\/\/ppcm.com.br\/wp-content\/uploads\/2022\/02\/Logo-Zero-Carbono.png&#8221; _builder_version=&#8221;4.14.0&#8243; _module_preset=&#8221;default&#8221; theme_builder_area=&#8221;post_content&#8221; hover_enabled=&#8221;0&#8243; sticky_enabled=&#8221;0&#8243; alt=&#8221;Logo Zero Carbono Brasil&#8221; title_text=&#8221;Logo Zero Carbono&#8221; width=&#8221;75%&#8221; align=&#8221;center&#8221;][\/et_pb_image][et_pb_text _builder_version=&#8221;4.14.0&#8243; _module_preset=&#8221;default&#8221; theme_builder_area=&#8221;post_content&#8221; text_text_color=&#8221;#FFFFFF&#8221; text_font_size=&#8221;16px&#8221; hover_enabled=&#8221;0&#8243; sticky_enabled=&#8221;0&#8243;]<\/p>\n<p>N\u00e3o h\u00e1 nenhuma raz\u00e3o para pensar que, se grandes recursos s\u00e3o aplicados para a investiga\u00e7\u00e3o sobre a convers\u00e3o de todas as nossas fontes de carbono a Zero de carbono servi\u00e7os e tecnologias, n\u00e3o poder\u00edamos reconstruir um mundo de carbono zero. Esta \u00e9 uma possibilidade para o futuro que devemos trabalhar.<\/p>\n<p>O melhor que podemos alcan\u00e7ar com o conhecimento de hoje s\u00e3o as emiss\u00f5es que os cientistas chamam de \u201czero virtual\u201d de carbono, pelo menos uma redu\u00e7\u00e3o de 90%.<\/p>\n<p>[\/et_pb_text][et_pb_video src=&#8221;https:\/\/ppcm.com.br\/wp-content\/uploads\/2022\/02\/nature.mp4.mp4&#8243; _builder_version=&#8221;4.14.0&#8243; _module_preset=&#8221;default&#8221; theme_builder_area=&#8221;post_content&#8221; title_text=&#8221;nature.mp4&#8243; hover_enabled=&#8221;0&#8243; sticky_enabled=&#8221;0&#8243;][\/et_pb_video][et_pb_image src=&#8221;https:\/\/ppcm.com.br\/wp-content\/uploads\/2022\/02\/Carro-verde.jpg&#8221; _builder_version=&#8221;4.14.0&#8243; _module_preset=&#8221;default&#8221; theme_builder_area=&#8221;post_content&#8221; alt=&#8221;Carro Ecol\u00f3gico &#8221; title_text=&#8221;Carro verde&#8221; hover_enabled=&#8221;0&#8243; sticky_enabled=&#8221;0&#8243;][\/et_pb_image][\/et_pb_column][\/et_pb_row][\/et_pb_section][et_pb_section fb_built=&#8221;1&#8243; theme_builder_area=&#8221;post_content&#8221; _builder_version=&#8221;4.14.0&#8243; _module_preset=&#8221;default&#8221; alt=&#8221;BG&#8221; title_text=&#8221;BG Carbono&#8221; background_image=&#8221;https:\/\/ppcm.com.br\/wp-content\/uploads\/2022\/02\/BG-Carbono.jpg&#8221; hover_enabled=&#8221;0&#8243; sticky_enabled=&#8221;0&#8243; custom_padding=&#8221;||16px|||&#8221;][et_pb_row _builder_version=&#8221;4.14.0&#8243; _module_preset=&#8221;default&#8221; theme_builder_area=&#8221;post_content&#8221; custom_padding=&#8221;0px|||||&#8221;][et_pb_column _builder_version=&#8221;4.14.0&#8243; _module_preset=&#8221;default&#8221; type=&#8221;4_4&#8243; theme_builder_area=&#8221;post_content&#8221;][et_pb_video src=&#8221;https:\/\/ppcm.com.br\/wp-content\/uploads\/2022\/02\/Poluicao-vs-Energia-Sustentavel.mp4&#8243; _builder_version=&#8221;4.14.0&#8243; _module_preset=&#8221;default&#8221; theme_builder_area=&#8221;post_content&#8221; hover_enabled=&#8221;0&#8243; sticky_enabled=&#8221;0&#8243; title_text=&#8221;Polui\u00e7\u00e3o vs Energia Sustentav\u00e9l&#8221; custom_margin=&#8221;-79px|||||&#8221;][\/et_pb_video][\/et_pb_column][\/et_pb_row][\/et_pb_section]<\/p>\n","protected":false},"excerpt":{"rendered":"<p>\n\t\t\t<!-- START Carbono Zero REVOLUTION SLIDER 6.7.15 --><p class=\"rs-p-wp-fix\"><\/p>\n\t\t\t<rs-module-wrap id=\"rev_slider_9_2_wrapper\" data-source=\"gallery\" style=\"visibility:hidden;background:transparent;padding:0;margin:0px auto;margin-top:0;margin-bottom:0;\">\n\t\t\t\t<rs-module id=\"rev_slider_9_2\" style=\"\" data-version=\"6.7.15\">\n\t\t\t\t\t<rs-slides style=\"overflow: hidden; position: absolute;\">\n\t\t\t\t\t\t<rs-slide style=\"position: absolute;\" data-key=\"rs-9\" data-title=\"Slide\" data-anim=\"adpr:false;\" data-in=\"o:0;\" data-out=\"a:false;\">\n\t\t\t\t\t\t\t<img decoding=\"async\" src=\"\/\/ppcm.com.br\/wp-content\/plugins\/revslider\/sr6\/assets\/assets\/dummy.png\" alt=\"\" title=\"couple-on-bicycles-stop-motion-742PEPV_9.jpeg\" width=\"1920\" height=\"1080\" class=\"rev-slidebg tp-rs-img rs-lazyload\" data-lazyload=\"\/\/ppcm.com.br\/wp-content\/uploads\/revslider\/video-media\/couple-on-bicycles-stop-motion-742PEPV_9.jpeg\" data-no-retina>\n\t\t\t\t\t\t\t<rs-bgvideo \n\t\t\t\t\t\t\t\tdata-video=\"w:100%;h:100%;nse:false;l:true;ptimer:false;vfc:true;\"\n\t\t\t\t\t\t\t\tdata-mp4=\"\/\/ppcm.com.br\/wp-content\/uploads\/2022\/02\/couple-on-bicycles-stop-motion-742PEPV.mp4\"\n\t\t\t\t\t\t\t><\/rs-bgvideo>\n<!---->\t\t\t\t\t<\/rs-slide>\n\t\t\t\t\t<\/rs-slides>\n\t\t\t\t<\/rs-module>\n\t\t\t\t<script>\n\t\t\t\t\tsetREVStartSize({c: 'rev_slider_9_2',rl:[1240,1024,778,480],el:[830],gw:[1920],gh:[830],type:'standard',justify:'',layout:'fullwidth',mh:\"0\"});if (window.RS_MODULES!==undefined && window.RS_MODULES.modules!==undefined && window.RS_MODULES.modules[\"revslider92\"]!==undefined) {window.RS_MODULES.modules[\"revslider92\"].once = false;window.revapi9_2 = undefined;if (window.RS_MODULES.checkMinimal!==undefined) window.RS_MODULES.checkMinimal()}\n\t\t\t\t<\/script>\n\t\t\t<\/rs-module-wrap>\n\t\t\t<!-- END REVOLUTION SLIDER -->\nZero de carbono refere-se a zero as emiss\u00f5es de di\u00f3xido de carbono. \u00c9 um termo cient\u00edfico e uma realidade cient\u00edfica para a mitiga\u00e7\u00e3o das mudan\u00e7as clim\u00e1ticas. \u00c9 imposs\u00edvel para n\u00f3s, com nosso conhecimento atual, para parar todas as emiss\u00f5es de CO2 provenientes das atividades humanas. Por exemplo n\u00e3o temos nenhuma maneira no momento de [&hellip;]<\/p>\n","protected":false},"author":1,"featured_media":0,"parent":0,"menu_order":0,"comment_status":"closed","ping_status":"closed","template":"","meta":{"_et_pb_use_builder":"on","_et_pb_old_content":"","_et_gb_content_width":"","footnotes":""},"class_list":["post-317","page","type-page","status-publish","hentry"],"_links":{"self":[{"href":"https:\/\/ppcm.com.br\/index.php\/wp-json\/wp\/v2\/pages\/317"}],"collection":[{"href":"https:\/\/ppcm.com.br\/index.php\/wp-json\/wp\/v2\/pages"}],"about":[{"href":"https:\/\/ppcm.com.br\/index.php\/wp-json\/wp\/v2\/types\/page"}],"author":[{"embeddable":true,"href":"https:\/\/ppcm.com.br\/index.php\/wp-json\/wp\/v2\/users\/1"}],"replies":[{"embeddable":true,"href":"https:\/\/ppcm.com.br\/index.php\/wp-json\/wp\/v2\/comments?post=317"}],"version-history":[{"count":13,"href":"https:\/\/ppcm.com.br\/index.php\/wp-json\/wp\/v2\/pages\/317\/revisions"}],"predecessor-version":[{"id":348,"href":"https:\/\/ppcm.com.br\/index.php\/wp-json\/wp\/v2\/pages\/317\/revisions\/348"}],"wp:attachment":[{"href":"https:\/\/ppcm.com.br\/index.php\/wp-json\/wp\/v2\/media?parent=317"}],"curies":[{"name":"wp","href":"https:\/\/api.w.org\/{rel}","templated":true}]}}