{"id":251,"date":"2021-12-10T10:28:31","date_gmt":"2021-12-10T13:28:31","guid":{"rendered":"https:\/\/ppcm.com.br\/?page_id=251"},"modified":"2021-12-10T10:51:56","modified_gmt":"2021-12-10T13:51:56","slug":"projetos","status":"publish","type":"page","link":"https:\/\/ppcm.com.br\/index.php\/projetos\/","title":{"rendered":"Projetos"},"content":{"rendered":"<p>[et_pb_section fb_built=&#8221;1&#8243; fullwidth=&#8221;on&#8221; _builder_version=&#8221;4.14.0&#8243; _module_preset=&#8221;default&#8221; global_colors_info=&#8221;{}&#8221;][et_pb_fullwidth_code _builder_version=&#8221;4.14.0&#8243; _module_preset=&#8221;default&#8221; hover_enabled=&#8221;0&#8243; global_colors_info=&#8221;{}&#8221; sticky_enabled=&#8221;0&#8243;]\n\t\t\t<!-- START Projetos REVOLUTION SLIDER 6.7.15 --><p class=\"rs-p-wp-fix\"><\/p>\n\t\t\t<rs-module-wrap id=\"rev_slider_7_1_wrapper\" data-source=\"gallery\" style=\"visibility:hidden;background:transparent;padding:0;margin:0px auto;margin-top:0;margin-bottom:0;\">\n\t\t\t\t<rs-module id=\"rev_slider_7_1\" style=\"\" data-version=\"6.7.15\">\n\t\t\t\t\t<rs-slides style=\"overflow: hidden; position: absolute;\">\n\t\t\t\t\t\t<rs-slide style=\"position: absolute;\" data-key=\"rs-7\" data-title=\"Slide\" data-anim=\"adpr:false;\" data-in=\"o:0;\" data-out=\"a:false;\">\n\t\t\t\t\t\t\t<img decoding=\"async\" src=\"\/\/ppcm.com.br\/wp-content\/plugins\/revslider\/sr6\/assets\/assets\/dummy.png\" alt=\"\" title=\"video-8_7.jpeg\" width=\"1916\" height=\"1080\" class=\"rev-slidebg tp-rs-img rs-lazyload\" data-lazyload=\"\/\/ppcm.com.br\/wp-content\/uploads\/revslider\/video-media\/video-8_7.jpeg\" data-no-retina>\n\t\t\t\t\t\t\t<rs-bgvideo \n\t\t\t\t\t\t\t\tdata-video=\"w:100%;h:100%;nse:false;l:true;ptimer:false;vfc:true;\"\n\t\t\t\t\t\t\t\tdata-mp4=\"\/\/ppcm.com.br\/wp-content\/uploads\/2021\/12\/video-8.mp4\"\n\t\t\t\t\t\t\t><\/rs-bgvideo>\n<!---->\t\t\t\t\t<\/rs-slide>\n\t\t\t\t\t<\/rs-slides>\n\t\t\t\t<\/rs-module>\n\t\t\t\t<script>\n\t\t\t\t\tsetREVStartSize({c: 'rev_slider_7_1',rl:[1240,1024,778,480],el:[830],gw:[1920],gh:[830],type:'standard',justify:'',layout:'fullwidth',mh:\"0\"});if (window.RS_MODULES!==undefined && window.RS_MODULES.modules!==undefined && window.RS_MODULES.modules[\"revslider71\"]!==undefined) {window.RS_MODULES.modules[\"revslider71\"].once = false;window.revapi7 = undefined;if (window.RS_MODULES.checkMinimal!==undefined) window.RS_MODULES.checkMinimal()}\n\t\t\t\t<\/script>\n\t\t\t<\/rs-module-wrap>\n\t\t\t<!-- END REVOLUTION SLIDER -->\n[\/et_pb_fullwidth_code][\/et_pb_section][et_pb_section fb_built=&#8221;1&#8243; _builder_version=&#8221;4.14.0&#8243; _module_preset=&#8221;default&#8221; hover_enabled=&#8221;0&#8243; global_colors_info=&#8221;{}&#8221; background_enable_image=&#8221;off&#8221; background_color=&#8221;#00001c&#8221; sticky_enabled=&#8221;0&#8243;][et_pb_row column_structure=&#8221;1_2,1_2&#8243; _builder_version=&#8221;4.14.0&#8243; _module_preset=&#8221;default&#8221; global_colors_info=&#8221;{}&#8221;][et_pb_column type=&#8221;1_2&#8243; _builder_version=&#8221;4.14.0&#8243; _module_preset=&#8221;default&#8221; global_colors_info=&#8221;{}&#8221;][et_pb_image src=&#8221;https:\/\/ppcm.com.br\/wp-content\/uploads\/2021\/12\/Painel-de-led2.jpg&#8221; alt=&#8221;Painel de LED&#8221; title_text=&#8221;Painel de led2&#8243; _builder_version=&#8221;4.14.0&#8243; _module_preset=&#8221;default&#8221; hover_enabled=&#8221;0&#8243; global_colors_info=&#8221;{}&#8221; sticky_enabled=&#8221;0&#8243;][\/et_pb_image][\/et_pb_column][et_pb_column _builder_version=&#8221;4.14.0&#8243; _module_preset=&#8221;default&#8221; type=&#8221;1_2&#8243;][et_pb_text _builder_version=&#8221;4.14.0&#8243; _module_preset=&#8221;default&#8221; text_font=&#8221;|300|||||||&#8221; text_text_color=&#8221;#FFFFFF&#8221; text_font_size=&#8221;50px&#8221; text_line_height=&#8221;75px&#8221; custom_margin=&#8221;30px|||||&#8221; global_colors_info=&#8221;{}&#8221;]<\/p>\n<p>Projeto \/ Programac\u00e3o<br \/>Painel LED outdoor<\/p>\n<p>[\/et_pb_text][et_pb_text _builder_version=&#8221;4.14.0&#8243; _module_preset=&#8221;default&#8221; text_text_color=&#8221;#FFFFFF&#8221; text_font_size=&#8221;16px&#8221; hover_enabled=&#8221;0&#8243; global_colors_info=&#8221;{}&#8221; sticky_enabled=&#8221;0&#8243;]<\/p>\n<p>Trabalhamos com projetos especiais na concep\u00e7\u00e3o e funcionamento de pain\u00e9is de LED.<br \/>Inserimos por meio de comando a dist\u00e2ncia layouts informativos de servi\u00e7os e produtos<\/p>\n<p>&nbsp;<\/p>\n<p>[\/et_pb_text][\/et_pb_column][\/et_pb_row][\/et_pb_section][et_pb_section fb_built=&#8221;1&#8243; _builder_version=&#8221;4.14.0&#8243; _module_preset=&#8221;default&#8221; hover_enabled=&#8221;0&#8243; global_colors_info=&#8221;{}&#8221; background_enable_image=&#8221;off&#8221; background_color=&#8221;#00001c&#8221; sticky_enabled=&#8221;0&#8243;][et_pb_row column_structure=&#8221;3_5,2_5&#8243; _builder_version=&#8221;4.14.0&#8243; _module_preset=&#8221;default&#8221; hover_enabled=&#8221;0&#8243; global_colors_info=&#8221;{}&#8221; width=&#8221;100%&#8221; use_custom_gutter=&#8221;on&#8221; gutter_width=&#8221;2&#8243; max_width=&#8221;1461px&#8221; sticky_enabled=&#8221;0&#8243;][et_pb_column type=&#8221;3_5&#8243; _builder_version=&#8221;4.14.0&#8243; _module_preset=&#8221;default&#8221; global_colors_info=&#8221;{}&#8221;][et_pb_image src=&#8221;https:\/\/ppcm.com.br\/wp-content\/uploads\/2021\/12\/Imagem-Projeto.png&#8221; alt=&#8221;Imagem Projeto&#8221; title_text=&#8221;Imagem Projeto&#8221; _builder_version=&#8221;4.14.0&#8243; _module_preset=&#8221;default&#8221; hover_enabled=&#8221;0&#8243; global_colors_info=&#8221;{}&#8221; sticky_enabled=&#8221;0&#8243;][\/et_pb_image][\/et_pb_column][et_pb_column _builder_version=&#8221;4.14.0&#8243; _module_preset=&#8221;default&#8221; type=&#8221;2_5&#8243;][et_pb_text _builder_version=&#8221;4.14.0&#8243; _module_preset=&#8221;default&#8221; text_font=&#8221;|300|||||||&#8221; text_text_color=&#8221;#FFFFFF&#8221; text_font_size=&#8221;50px&#8221; text_line_height=&#8221;75px&#8221; custom_margin=&#8221;3px|||||&#8221; global_colors_info=&#8221;{}&#8221;]<\/p>\n<p>Projetos Especiais <br \/>Comunica\u00e7\u00e3o visual<br \/>de stands e fachadas<\/p>\n<p>[\/et_pb_text][et_pb_text _builder_version=&#8221;4.14.0&#8243; _module_preset=&#8221;default&#8221; text_text_color=&#8221;#FFFFFF&#8221; text_font_size=&#8221;16px&#8221; hover_enabled=&#8221;0&#8243; global_colors_info=&#8221;{}&#8221; sticky_enabled=&#8221;0&#8243;]<\/p>\n<p>Desenvolvimento de projeto e produ\u00e7\u00e3o<br \/>de comunica\u00e7\u00e3o visual.<\/p>\n<p>&nbsp;<\/p>\n<p>&nbsp;<\/p>\n<p>[\/et_pb_text][\/et_pb_column][\/et_pb_row][\/et_pb_section][et_pb_section fb_built=&#8221;1&#8243; _builder_version=&#8221;4.14.0&#8243; _module_preset=&#8221;default&#8221; background_image=&#8221;https:\/\/ppcm.com.br\/wp-content\/uploads\/2021\/12\/BG-Colorido.jpg&#8221; hover_enabled=&#8221;0&#8243; global_colors_info=&#8221;{}&#8221; background_color=&#8221;#00001c&#8221; sticky_enabled=&#8221;0&#8243; alt=&#8221;BG PPCM&#8221; title_text=&#8221;BG Colorido&#8221;][et_pb_row _builder_version=&#8221;4.14.0&#8243; _module_preset=&#8221;default&#8221; hover_enabled=&#8221;0&#8243; global_colors_info=&#8221;{}&#8221; width=&#8221;100%&#8221; use_custom_gutter=&#8221;on&#8221; gutter_width=&#8221;2&#8243; sticky_enabled=&#8221;0&#8243;][et_pb_column type=&#8221;4_4&#8243; _builder_version=&#8221;4.14.0&#8243; _module_preset=&#8221;default&#8221; global_colors_info=&#8221;{}&#8221;][et_pb_image src=&#8221;https:\/\/ppcm.com.br\/wp-content\/uploads\/2021\/12\/Projetos-ppcm.png&#8221; _builder_version=&#8221;4.14.0&#8243; _module_preset=&#8221;default&#8221; align=&#8221;center&#8221; alt=&#8221;Projetos ppcm&#8221; title_text=&#8221;Projetos ppcm&#8221; hover_enabled=&#8221;0&#8243; sticky_enabled=&#8221;0&#8243;][\/et_pb_image][\/et_pb_column][\/et_pb_row][\/et_pb_section]<\/p>\n","protected":false},"excerpt":{"rendered":"<p>\n\t\t\t<!-- START Projetos REVOLUTION SLIDER 6.7.15 --><p class=\"rs-p-wp-fix\"><\/p>\n\t\t\t<rs-module-wrap id=\"rev_slider_7_2_wrapper\" data-source=\"gallery\" style=\"visibility:hidden;background:transparent;padding:0;margin:0px auto;margin-top:0;margin-bottom:0;\">\n\t\t\t\t<rs-module id=\"rev_slider_7_2\" style=\"\" data-version=\"6.7.15\">\n\t\t\t\t\t<rs-slides style=\"overflow: hidden; position: absolute;\">\n\t\t\t\t\t\t<rs-slide style=\"position: absolute;\" data-key=\"rs-7\" data-title=\"Slide\" data-anim=\"adpr:false;\" data-in=\"o:0;\" data-out=\"a:false;\">\n\t\t\t\t\t\t\t<img decoding=\"async\" src=\"\/\/ppcm.com.br\/wp-content\/plugins\/revslider\/sr6\/assets\/assets\/dummy.png\" alt=\"\" title=\"video-8_7.jpeg\" width=\"1916\" height=\"1080\" class=\"rev-slidebg tp-rs-img rs-lazyload\" data-lazyload=\"\/\/ppcm.com.br\/wp-content\/uploads\/revslider\/video-media\/video-8_7.jpeg\" data-no-retina>\n\t\t\t\t\t\t\t<rs-bgvideo \n\t\t\t\t\t\t\t\tdata-video=\"w:100%;h:100%;nse:false;l:true;ptimer:false;vfc:true;\"\n\t\t\t\t\t\t\t\tdata-mp4=\"\/\/ppcm.com.br\/wp-content\/uploads\/2021\/12\/video-8.mp4\"\n\t\t\t\t\t\t\t><\/rs-bgvideo>\n<!---->\t\t\t\t\t<\/rs-slide>\n\t\t\t\t\t<\/rs-slides>\n\t\t\t\t<\/rs-module>\n\t\t\t\t<script>\n\t\t\t\t\tsetREVStartSize({c: 'rev_slider_7_2',rl:[1240,1024,778,480],el:[830],gw:[1920],gh:[830],type:'standard',justify:'',layout:'fullwidth',mh:\"0\"});if (window.RS_MODULES!==undefined && window.RS_MODULES.modules!==undefined && window.RS_MODULES.modules[\"revslider72\"]!==undefined) {window.RS_MODULES.modules[\"revslider72\"].once = false;window.revapi7_2 = undefined;if (window.RS_MODULES.checkMinimal!==undefined) window.RS_MODULES.checkMinimal()}\n\t\t\t\t<\/script>\n\t\t\t<\/rs-module-wrap>\n\t\t\t<!-- END REVOLUTION SLIDER -->\nProjeto \/ Programac\u00e3oPainel LED outdoorTrabalhamos com projetos especiais na concep\u00e7\u00e3o e funcionamento de pain\u00e9is de LED.Inserimos por meio de comando a dist\u00e2ncia layouts informativos de servi\u00e7os e produtos &nbsp;Projetos Especiais Comunica\u00e7\u00e3o visualde stands e fachadasDesenvolvimento de projeto e produ\u00e7\u00e3ode comunica\u00e7\u00e3o visual. &nbsp; &nbsp;<\/p>\n","protected":false},"author":1,"featured_media":0,"parent":0,"menu_order":0,"comment_status":"closed","ping_status":"closed","template":"","meta":{"_et_pb_use_builder":"on","_et_pb_old_content":"","_et_gb_content_width":"","footnotes":""},"class_list":["post-251","page","type-page","status-publish","hentry"],"_links":{"self":[{"href":"https:\/\/ppcm.com.br\/index.php\/wp-json\/wp\/v2\/pages\/251"}],"collection":[{"href":"https:\/\/ppcm.com.br\/index.php\/wp-json\/wp\/v2\/pages"}],"about":[{"href":"https:\/\/ppcm.com.br\/index.php\/wp-json\/wp\/v2\/types\/page"}],"author":[{"embeddable":true,"href":"https:\/\/ppcm.com.br\/index.php\/wp-json\/wp\/v2\/users\/1"}],"replies":[{"embeddable":true,"href":"https:\/\/ppcm.com.br\/index.php\/wp-json\/wp\/v2\/comments?post=251"}],"version-history":[{"count":6,"href":"https:\/\/ppcm.com.br\/index.php\/wp-json\/wp\/v2\/pages\/251\/revisions"}],"predecessor-version":[{"id":271,"href":"https:\/\/ppcm.com.br\/index.php\/wp-json\/wp\/v2\/pages\/251\/revisions\/271"}],"wp:attachment":[{"href":"https:\/\/ppcm.com.br\/index.php\/wp-json\/wp\/v2\/media?parent=251"}],"curies":[{"name":"wp","href":"https:\/\/api.w.org\/{rel}","templated":true}]}}